{"id":12627,"date":"2025-05-20T09:11:24","date_gmt":"2025-05-20T07:11:24","guid":{"rendered":"https:\/\/cineprod.pro\/?page_id=12627"},"modified":"2025-05-20T09:11:24","modified_gmt":"2025-05-20T07:11:24","slug":"soiree-bbq-western-farwest-ranch-terre-et-miel-grand-paris-essonne-barbecue-sous-les-etoiles","status":"publish","type":"page","link":"https:\/\/cineprod.pro\/?page_id=12627","title":{"rendered":"SOIREE-BBQ-WESTERN-FARWEST-RANCH-TERRE-ET-MIEL-GRAND-PARIS-ESSONNE-BARBECUE-SOUS-LES-ETOILES"},"content":{"rendered":"\n<p>\ud83c\udf35 <strong>Bienvenue au RANCH TERRE ET MIEL !<\/strong> \ud83c\udf35<\/p>\n\n\n\n<p>Sous un ciel \u00e9toil\u00e9, laissez-vous emporter par l\u2019ambiance du Far West. Ici, le feu de camp cr\u00e9pite, les histoires r\u00e9sonnent et la musique accompagne les \u00e2mes aventuri\u00e8res.<\/p>\n\n\n\n<p>Cowgirls ou cowboys d\u2019un soir, partagez un barbecue savoureux, \u00e9changez autour des flammes et laissez la magie op\u00e9rer.<\/p>\n\n\n\n<p>Un chapeau sur la t\u00eate, des rires, des jeux d\u2019adresse, et m\u00eame la douceur des tipis pour prolonger cette escapade sous les \u00e9toiles.<\/p>\n\n\n\n<p>Le RANCH TERRE ET MIEL, un voyage hors du temps, o\u00f9 nature, amiti\u00e9 et aventure ne font plus qu\u2019un.<\/p>\n\n\n\n<p>\ud83c\udf1f <strong>Rejoignez-nous pour des soir\u00e9es inoubliables !<\/strong> \ud83c\udf1f<\/p>\n\n\n\n<p>#RanchTerreEtMiel #WesternVibes #Soir\u00e9eFeuDeCamp #BarbecueParty #CowboySpirit #FarWestExperience #NatureEtAventure #SousLes\u00c9toiles #MomentsMagiques #EspritDePartage #FeuDeCampWestern #HistoiresAutourDuFeu #GuitarUnderStars #ChapeauCowboy #JeuxDAdresse #TipiUnderTheStars #RencontreAuthentique #EspritDuRanch #MascottesDuRanch #\u00c9v\u00e9nementsUniques #SylvainMorellec<\/p>\n\n\n\n<figure class=\"wp-block-gallery columns-1 is-cropped\"><ul class=\"blocks-gallery-grid\"><li class=\"blocks-gallery-item\"><figure><img loading=\"lazy\" width=\"1000\" height=\"843\" src=\"https:\/\/cineprod.pro\/wp-content\/uploads\/2025\/05\/BBQ-WESTERN-FARWEST-FEU-DE-CAMP-RANCH-TERRE-ET-MIEL-1.jpg\" alt=\"\" data-id=\"12611\" data-full-url=\"https:\/\/cineprod.pro\/wp-content\/uploads\/2025\/05\/BBQ-WESTERN-FARWEST-FEU-DE-CAMP-RANCH-TERRE-ET-MIEL-1.jpg\" data-link=\"https:\/\/cineprod.pro\/?attachment_id=12611\" class=\"wp-image-12611\" srcset=\"https:\/\/cineprod.pro\/wp-content\/uploads\/2025\/05\/BBQ-WESTERN-FARWEST-FEU-DE-CAMP-RANCH-TERRE-ET-MIEL-1.jpg 1000w, https:\/\/cineprod.pro\/wp-content\/uploads\/2025\/05\/BBQ-WESTERN-FARWEST-FEU-DE-CAMP-RANCH-TERRE-ET-MIEL-1-300x253.jpg 300w, https:\/\/cineprod.pro\/wp-content\/uploads\/2025\/05\/BBQ-WESTERN-FARWEST-FEU-DE-CAMP-RANCH-TERRE-ET-MIEL-1-768x647.jpg 768w, https:\/\/cineprod.pro\/wp-content\/uploads\/2025\/05\/BBQ-WESTERN-FARWEST-FEU-DE-CAMP-RANCH-TERRE-ET-MIEL-1-735x620.jpg 735w, https:\/\/cineprod.pro\/wp-content\/uploads\/2025\/05\/BBQ-WESTERN-FARWEST-FEU-DE-CAMP-RANCH-TERRE-ET-MIEL-1-600x506.jpg 600w, https:\/\/cineprod.pro\/wp-content\/uploads\/2025\/05\/BBQ-WESTERN-FARWEST-FEU-DE-CAMP-RANCH-TERRE-ET-MIEL-1-400x337.jpg 400w\" sizes=\"(max-width: 1000px) 100vw, 1000px\" \/><\/figure><\/li><li class=\"blocks-gallery-item\"><figure><img loading=\"lazy\" width=\"1000\" height=\"841\" src=\"https:\/\/cineprod.pro\/wp-content\/uploads\/2025\/05\/BBQ-WESTERN-FARWEST-FEU-DE-CAMP-RANCH-TERRE-ET-MIEL-2.jpg\" alt=\"\" data-id=\"12612\" data-full-url=\"https:\/\/cineprod.pro\/wp-content\/uploads\/2025\/05\/BBQ-WESTERN-FARWEST-FEU-DE-CAMP-RANCH-TERRE-ET-MIEL-2.jpg\" data-link=\"https:\/\/cineprod.pro\/?attachment_id=12612\" class=\"wp-image-12612\" srcset=\"https:\/\/cineprod.pro\/wp-content\/uploads\/2025\/05\/BBQ-WESTERN-FARWEST-FEU-DE-CAMP-RANCH-TERRE-ET-MIEL-2.jpg 1000w, https:\/\/cineprod.pro\/wp-content\/uploads\/2025\/05\/BBQ-WESTERN-FARWEST-FEU-DE-CAMP-RANCH-TERRE-ET-MIEL-2-300x252.jpg 300w, https:\/\/cineprod.pro\/wp-content\/uploads\/2025\/05\/BBQ-WESTERN-FARWEST-FEU-DE-CAMP-RANCH-TERRE-ET-MIEL-2-768x646.jpg 768w, https:\/\/cineprod.pro\/wp-content\/uploads\/2025\/05\/BBQ-WESTERN-FARWEST-FEU-DE-CAMP-RANCH-TERRE-ET-MIEL-2-737x620.jpg 737w, https:\/\/cineprod.pro\/wp-content\/uploads\/2025\/05\/BBQ-WESTERN-FARWEST-FEU-DE-CAMP-RANCH-TERRE-ET-MIEL-2-600x505.jpg 600w, https:\/\/cineprod.pro\/wp-content\/uploads\/2025\/05\/BBQ-WESTERN-FARWEST-FEU-DE-CAMP-RANCH-TERRE-ET-MIEL-2-400x336.jpg 400w\" sizes=\"(max-width: 1000px) 100vw, 1000px\" \/><\/figure><\/li><li class=\"blocks-gallery-item\"><figure><img loading=\"lazy\" width=\"1000\" height=\"839\" src=\"https:\/\/cineprod.pro\/wp-content\/uploads\/2025\/05\/BBQ-WESTERN-FARWEST-FEU-DE-CAMP-RANCH-TERRE-ET-MIEL-GRAND-PARIS-ESSONNE-1.jpg\" alt=\"\" data-id=\"12613\" data-full-url=\"https:\/\/cineprod.pro\/wp-content\/uploads\/2025\/05\/BBQ-WESTERN-FARWEST-FEU-DE-CAMP-RANCH-TERRE-ET-MIEL-GRAND-PARIS-ESSONNE-1.jpg\" data-link=\"https:\/\/cineprod.pro\/?attachment_id=12613\" class=\"wp-image-12613\" srcset=\"https:\/\/cineprod.pro\/wp-content\/uploads\/2025\/05\/BBQ-WESTERN-FARWEST-FEU-DE-CAMP-RANCH-TERRE-ET-MIEL-GRAND-PARIS-ESSONNE-1.jpg 1000w, https:\/\/cineprod.pro\/wp-content\/uploads\/2025\/05\/BBQ-WESTERN-FARWEST-FEU-DE-CAMP-RANCH-TERRE-ET-MIEL-GRAND-PARIS-ESSONNE-1-300x252.jpg 300w, https:\/\/cineprod.pro\/wp-content\/uploads\/2025\/05\/BBQ-WESTERN-FARWEST-FEU-DE-CAMP-RANCH-TERRE-ET-MIEL-GRAND-PARIS-ESSONNE-1-768x644.jpg 768w, https:\/\/cineprod.pro\/wp-content\/uploads\/2025\/05\/BBQ-WESTERN-FARWEST-FEU-DE-CAMP-RANCH-TERRE-ET-MIEL-GRAND-PARIS-ESSONNE-1-739x620.jpg 739w, https:\/\/cineprod.pro\/wp-content\/uploads\/2025\/05\/BBQ-WESTERN-FARWEST-FEU-DE-CAMP-RANCH-TERRE-ET-MIEL-GRAND-PARIS-ESSONNE-1-600x503.jpg 600w, https:\/\/cineprod.pro\/wp-content\/uploads\/2025\/05\/BBQ-WESTERN-FARWEST-FEU-DE-CAMP-RANCH-TERRE-ET-MIEL-GRAND-PARIS-ESSONNE-1-400x336.jpg 400w\" sizes=\"(max-width: 1000px) 100vw, 1000px\" \/><\/figure><\/li><li class=\"blocks-gallery-item\"><figure><img loading=\"lazy\" width=\"1000\" height=\"845\" src=\"https:\/\/cineprod.pro\/wp-content\/uploads\/2025\/05\/BBQ-WESTERN-FARWEST-FEU-DE-CAMP-RANCH-TERRE-ET-MIEL-GRAND-PARIS-ESSONNE-4.jpg\" alt=\"\" data-id=\"12614\" data-full-url=\"https:\/\/cineprod.pro\/wp-content\/uploads\/2025\/05\/BBQ-WESTERN-FARWEST-FEU-DE-CAMP-RANCH-TERRE-ET-MIEL-GRAND-PARIS-ESSONNE-4.jpg\" data-link=\"https:\/\/cineprod.pro\/?attachment_id=12614\" class=\"wp-image-12614\" srcset=\"https:\/\/cineprod.pro\/wp-content\/uploads\/2025\/05\/BBQ-WESTERN-FARWEST-FEU-DE-CAMP-RANCH-TERRE-ET-MIEL-GRAND-PARIS-ESSONNE-4.jpg 1000w, https:\/\/cineprod.pro\/wp-content\/uploads\/2025\/05\/BBQ-WESTERN-FARWEST-FEU-DE-CAMP-RANCH-TERRE-ET-MIEL-GRAND-PARIS-ESSONNE-4-300x254.jpg 300w, https:\/\/cineprod.pro\/wp-content\/uploads\/2025\/05\/BBQ-WESTERN-FARWEST-FEU-DE-CAMP-RANCH-TERRE-ET-MIEL-GRAND-PARIS-ESSONNE-4-768x649.jpg 768w, https:\/\/cineprod.pro\/wp-content\/uploads\/2025\/05\/BBQ-WESTERN-FARWEST-FEU-DE-CAMP-RANCH-TERRE-ET-MIEL-GRAND-PARIS-ESSONNE-4-734x620.jpg 734w, https:\/\/cineprod.pro\/wp-content\/uploads\/2025\/05\/BBQ-WESTERN-FARWEST-FEU-DE-CAMP-RANCH-TERRE-ET-MIEL-GRAND-PARIS-ESSONNE-4-600x507.jpg 600w, https:\/\/cineprod.pro\/wp-content\/uploads\/2025\/05\/BBQ-WESTERN-FARWEST-FEU-DE-CAMP-RANCH-TERRE-ET-MIEL-GRAND-PARIS-ESSONNE-4-400x338.jpg 400w\" sizes=\"(max-width: 1000px) 100vw, 1000px\" \/><\/figure><\/li><li class=\"blocks-gallery-item\"><figure><img loading=\"lazy\" width=\"1000\" height=\"832\" src=\"https:\/\/cineprod.pro\/wp-content\/uploads\/2025\/05\/BBQ-WESTERN-FARWEST-FEU-DE-CAMP-RANCH-TERRE-ET-MIEL-GRAND-PARIS-ESSONNE-5.jpg\" alt=\"\" data-id=\"12615\" data-full-url=\"https:\/\/cineprod.pro\/wp-content\/uploads\/2025\/05\/BBQ-WESTERN-FARWEST-FEU-DE-CAMP-RANCH-TERRE-ET-MIEL-GRAND-PARIS-ESSONNE-5.jpg\" data-link=\"https:\/\/cineprod.pro\/?attachment_id=12615\" class=\"wp-image-12615\" srcset=\"https:\/\/cineprod.pro\/wp-content\/uploads\/2025\/05\/BBQ-WESTERN-FARWEST-FEU-DE-CAMP-RANCH-TERRE-ET-MIEL-GRAND-PARIS-ESSONNE-5.jpg 1000w, https:\/\/cineprod.pro\/wp-content\/uploads\/2025\/05\/BBQ-WESTERN-FARWEST-FEU-DE-CAMP-RANCH-TERRE-ET-MIEL-GRAND-PARIS-ESSONNE-5-300x250.jpg 300w, https:\/\/cineprod.pro\/wp-content\/uploads\/2025\/05\/BBQ-WESTERN-FARWEST-FEU-DE-CAMP-RANCH-TERRE-ET-MIEL-GRAND-PARIS-ESSONNE-5-768x639.jpg 768w, https:\/\/cineprod.pro\/wp-content\/uploads\/2025\/05\/BBQ-WESTERN-FARWEST-FEU-DE-CAMP-RANCH-TERRE-ET-MIEL-GRAND-PARIS-ESSONNE-5-745x620.jpg 745w, https:\/\/cineprod.pro\/wp-content\/uploads\/2025\/05\/BBQ-WESTERN-FARWEST-FEU-DE-CAMP-RANCH-TERRE-ET-MIEL-GRAND-PARIS-ESSONNE-5-600x499.jpg 600w, https:\/\/cineprod.pro\/wp-content\/uploads\/2025\/05\/BBQ-WESTERN-FARWEST-FEU-DE-CAMP-RANCH-TERRE-ET-MIEL-GRAND-PARIS-ESSONNE-5-400x333.jpg 400w\" sizes=\"(max-width: 1000px) 100vw, 1000px\" \/><\/figure><\/li><li class=\"blocks-gallery-item\"><figure><img loading=\"lazy\" width=\"1000\" height=\"845\" src=\"https:\/\/cineprod.pro\/wp-content\/uploads\/2025\/05\/BBQ-WESTERN-FARWEST-FEU-DE-CAMP-RANCH-TERRE-ET-MIEL-GRAND-PARIS-ESSONNE-6.jpg\" alt=\"\" data-id=\"12616\" data-full-url=\"https:\/\/cineprod.pro\/wp-content\/uploads\/2025\/05\/BBQ-WESTERN-FARWEST-FEU-DE-CAMP-RANCH-TERRE-ET-MIEL-GRAND-PARIS-ESSONNE-6.jpg\" data-link=\"https:\/\/cineprod.pro\/?attachment_id=12616\" class=\"wp-image-12616\" srcset=\"https:\/\/cineprod.pro\/wp-content\/uploads\/2025\/05\/BBQ-WESTERN-FARWEST-FEU-DE-CAMP-RANCH-TERRE-ET-MIEL-GRAND-PARIS-ESSONNE-6.jpg 1000w, https:\/\/cineprod.pro\/wp-content\/uploads\/2025\/05\/BBQ-WESTERN-FARWEST-FEU-DE-CAMP-RANCH-TERRE-ET-MIEL-GRAND-PARIS-ESSONNE-6-300x254.jpg 300w, https:\/\/cineprod.pro\/wp-content\/uploads\/2025\/05\/BBQ-WESTERN-FARWEST-FEU-DE-CAMP-RANCH-TERRE-ET-MIEL-GRAND-PARIS-ESSONNE-6-768x649.jpg 768w, https:\/\/cineprod.pro\/wp-content\/uploads\/2025\/05\/BBQ-WESTERN-FARWEST-FEU-DE-CAMP-RANCH-TERRE-ET-MIEL-GRAND-PARIS-ESSONNE-6-734x620.jpg 734w, https:\/\/cineprod.pro\/wp-content\/uploads\/2025\/05\/BBQ-WESTERN-FARWEST-FEU-DE-CAMP-RANCH-TERRE-ET-MIEL-GRAND-PARIS-ESSONNE-6-600x507.jpg 600w, https:\/\/cineprod.pro\/wp-content\/uploads\/2025\/05\/BBQ-WESTERN-FARWEST-FEU-DE-CAMP-RANCH-TERRE-ET-MIEL-GRAND-PARIS-ESSONNE-6-400x338.jpg 400w\" sizes=\"(max-width: 1000px) 100vw, 1000px\" \/><\/figure><\/li><li class=\"blocks-gallery-item\"><figure><img loading=\"lazy\" width=\"1000\" height=\"845\" src=\"https:\/\/cineprod.pro\/wp-content\/uploads\/2025\/05\/BBQ-WESTERN-FARWEST-FEU-DE-CAMP-RANCH-TERRE-ET-MIEL-GRAND-PARIS-ESSONNE-7.jpg\" alt=\"\" data-id=\"12617\" data-full-url=\"https:\/\/cineprod.pro\/wp-content\/uploads\/2025\/05\/BBQ-WESTERN-FARWEST-FEU-DE-CAMP-RANCH-TERRE-ET-MIEL-GRAND-PARIS-ESSONNE-7.jpg\" data-link=\"https:\/\/cineprod.pro\/?attachment_id=12617\" class=\"wp-image-12617\" srcset=\"https:\/\/cineprod.pro\/wp-content\/uploads\/2025\/05\/BBQ-WESTERN-FARWEST-FEU-DE-CAMP-RANCH-TERRE-ET-MIEL-GRAND-PARIS-ESSONNE-7.jpg 1000w, https:\/\/cineprod.pro\/wp-content\/uploads\/2025\/05\/BBQ-WESTERN-FARWEST-FEU-DE-CAMP-RANCH-TERRE-ET-MIEL-GRAND-PARIS-ESSONNE-7-300x254.jpg 300w, https:\/\/cineprod.pro\/wp-content\/uploads\/2025\/05\/BBQ-WESTERN-FARWEST-FEU-DE-CAMP-RANCH-TERRE-ET-MIEL-GRAND-PARIS-ESSONNE-7-768x649.jpg 768w, https:\/\/cineprod.pro\/wp-content\/uploads\/2025\/05\/BBQ-WESTERN-FARWEST-FEU-DE-CAMP-RANCH-TERRE-ET-MIEL-GRAND-PARIS-ESSONNE-7-734x620.jpg 734w, https:\/\/cineprod.pro\/wp-content\/uploads\/2025\/05\/BBQ-WESTERN-FARWEST-FEU-DE-CAMP-RANCH-TERRE-ET-MIEL-GRAND-PARIS-ESSONNE-7-600x507.jpg 600w, https:\/\/cineprod.pro\/wp-content\/uploads\/2025\/05\/BBQ-WESTERN-FARWEST-FEU-DE-CAMP-RANCH-TERRE-ET-MIEL-GRAND-PARIS-ESSONNE-7-400x338.jpg 400w\" sizes=\"(max-width: 1000px) 100vw, 1000px\" \/><\/figure><\/li><li class=\"blocks-gallery-item\"><figure><img loading=\"lazy\" width=\"1000\" height=\"837\" src=\"https:\/\/cineprod.pro\/wp-content\/uploads\/2025\/05\/BBQ-WESTERN-FARWEST-FEU-DE-CAMP-RANCH-TERRE-ET-MIEL-GRAND-PARIS-ESSONNE-8.jpg\" alt=\"\" data-id=\"12618\" data-full-url=\"https:\/\/cineprod.pro\/wp-content\/uploads\/2025\/05\/BBQ-WESTERN-FARWEST-FEU-DE-CAMP-RANCH-TERRE-ET-MIEL-GRAND-PARIS-ESSONNE-8.jpg\" data-link=\"https:\/\/cineprod.pro\/?attachment_id=12618\" class=\"wp-image-12618\" srcset=\"https:\/\/cineprod.pro\/wp-content\/uploads\/2025\/05\/BBQ-WESTERN-FARWEST-FEU-DE-CAMP-RANCH-TERRE-ET-MIEL-GRAND-PARIS-ESSONNE-8.jpg 1000w, https:\/\/cineprod.pro\/wp-content\/uploads\/2025\/05\/BBQ-WESTERN-FARWEST-FEU-DE-CAMP-RANCH-TERRE-ET-MIEL-GRAND-PARIS-ESSONNE-8-300x251.jpg 300w, https:\/\/cineprod.pro\/wp-content\/uploads\/2025\/05\/BBQ-WESTERN-FARWEST-FEU-DE-CAMP-RANCH-TERRE-ET-MIEL-GRAND-PARIS-ESSONNE-8-768x643.jpg 768w, https:\/\/cineprod.pro\/wp-content\/uploads\/2025\/05\/BBQ-WESTERN-FARWEST-FEU-DE-CAMP-RANCH-TERRE-ET-MIEL-GRAND-PARIS-ESSONNE-8-741x620.jpg 741w, https:\/\/cineprod.pro\/wp-content\/uploads\/2025\/05\/BBQ-WESTERN-FARWEST-FEU-DE-CAMP-RANCH-TERRE-ET-MIEL-GRAND-PARIS-ESSONNE-8-600x502.jpg 600w, https:\/\/cineprod.pro\/wp-content\/uploads\/2025\/05\/BBQ-WESTERN-FARWEST-FEU-DE-CAMP-RANCH-TERRE-ET-MIEL-GRAND-PARIS-ESSONNE-8-400x335.jpg 400w\" sizes=\"(max-width: 1000px) 100vw, 1000px\" \/><\/figure><\/li><li class=\"blocks-gallery-item\"><figure><img loading=\"lazy\" width=\"1000\" height=\"844\" src=\"https:\/\/cineprod.pro\/wp-content\/uploads\/2025\/05\/BBQ-WESTERN-FARWEST-FEU-DE-CAMP-RANCH-TERRE-ET-MIEL-GRAND-PARIS-ESSONNE-9.jpg\" alt=\"\" data-id=\"12619\" data-full-url=\"https:\/\/cineprod.pro\/wp-content\/uploads\/2025\/05\/BBQ-WESTERN-FARWEST-FEU-DE-CAMP-RANCH-TERRE-ET-MIEL-GRAND-PARIS-ESSONNE-9.jpg\" data-link=\"https:\/\/cineprod.pro\/?attachment_id=12619\" class=\"wp-image-12619\" srcset=\"https:\/\/cineprod.pro\/wp-content\/uploads\/2025\/05\/BBQ-WESTERN-FARWEST-FEU-DE-CAMP-RANCH-TERRE-ET-MIEL-GRAND-PARIS-ESSONNE-9.jpg 1000w, https:\/\/cineprod.pro\/wp-content\/uploads\/2025\/05\/BBQ-WESTERN-FARWEST-FEU-DE-CAMP-RANCH-TERRE-ET-MIEL-GRAND-PARIS-ESSONNE-9-300x253.jpg 300w, https:\/\/cineprod.pro\/wp-content\/uploads\/2025\/05\/BBQ-WESTERN-FARWEST-FEU-DE-CAMP-RANCH-TERRE-ET-MIEL-GRAND-PARIS-ESSONNE-9-768x648.jpg 768w, https:\/\/cineprod.pro\/wp-content\/uploads\/2025\/05\/BBQ-WESTERN-FARWEST-FEU-DE-CAMP-RANCH-TERRE-ET-MIEL-GRAND-PARIS-ESSONNE-9-735x620.jpg 735w, https:\/\/cineprod.pro\/wp-content\/uploads\/2025\/05\/BBQ-WESTERN-FARWEST-FEU-DE-CAMP-RANCH-TERRE-ET-MIEL-GRAND-PARIS-ESSONNE-9-600x506.jpg 600w, https:\/\/cineprod.pro\/wp-content\/uploads\/2025\/05\/BBQ-WESTERN-FARWEST-FEU-DE-CAMP-RANCH-TERRE-ET-MIEL-GRAND-PARIS-ESSONNE-9-400x338.jpg 400w\" sizes=\"(max-width: 1000px) 100vw, 1000px\" \/><\/figure><\/li><li class=\"blocks-gallery-item\"><figure><img loading=\"lazy\" width=\"1000\" height=\"841\" src=\"https:\/\/cineprod.pro\/wp-content\/uploads\/2025\/05\/BBQ-WESTERN-FARWEST-FEU-DE-CAMP-RANCH-TERRE-ET-MIEL-GRAND-PARIS-ESSONNE-10.jpg\" alt=\"\" data-id=\"12620\" data-full-url=\"https:\/\/cineprod.pro\/wp-content\/uploads\/2025\/05\/BBQ-WESTERN-FARWEST-FEU-DE-CAMP-RANCH-TERRE-ET-MIEL-GRAND-PARIS-ESSONNE-10.jpg\" data-link=\"https:\/\/cineprod.pro\/?attachment_id=12620\" class=\"wp-image-12620\" srcset=\"https:\/\/cineprod.pro\/wp-content\/uploads\/2025\/05\/BBQ-WESTERN-FARWEST-FEU-DE-CAMP-RANCH-TERRE-ET-MIEL-GRAND-PARIS-ESSONNE-10.jpg 1000w, https:\/\/cineprod.pro\/wp-content\/uploads\/2025\/05\/BBQ-WESTERN-FARWEST-FEU-DE-CAMP-RANCH-TERRE-ET-MIEL-GRAND-PARIS-ESSONNE-10-300x252.jpg 300w, https:\/\/cineprod.pro\/wp-content\/uploads\/2025\/05\/BBQ-WESTERN-FARWEST-FEU-DE-CAMP-RANCH-TERRE-ET-MIEL-GRAND-PARIS-ESSONNE-10-768x646.jpg 768w, https:\/\/cineprod.pro\/wp-content\/uploads\/2025\/05\/BBQ-WESTERN-FARWEST-FEU-DE-CAMP-RANCH-TERRE-ET-MIEL-GRAND-PARIS-ESSONNE-10-737x620.jpg 737w, https:\/\/cineprod.pro\/wp-content\/uploads\/2025\/05\/BBQ-WESTERN-FARWEST-FEU-DE-CAMP-RANCH-TERRE-ET-MIEL-GRAND-PARIS-ESSONNE-10-600x505.jpg 600w, https:\/\/cineprod.pro\/wp-content\/uploads\/2025\/05\/BBQ-WESTERN-FARWEST-FEU-DE-CAMP-RANCH-TERRE-ET-MIEL-GRAND-PARIS-ESSONNE-10-400x336.jpg 400w\" sizes=\"(max-width: 1000px) 100vw, 1000px\" \/><\/figure><\/li><li class=\"blocks-gallery-item\"><figure><img loading=\"lazy\" width=\"1000\" height=\"842\" src=\"https:\/\/cineprod.pro\/wp-content\/uploads\/2025\/05\/BBQ-WESTERN-FARWEST-FEU-DE-CAMP-RANCH-TERRE-ET-MIEL-GRAND-PARIS-ESSONNE-11.jpg\" alt=\"\" data-id=\"12621\" data-full-url=\"https:\/\/cineprod.pro\/wp-content\/uploads\/2025\/05\/BBQ-WESTERN-FARWEST-FEU-DE-CAMP-RANCH-TERRE-ET-MIEL-GRAND-PARIS-ESSONNE-11.jpg\" data-link=\"https:\/\/cineprod.pro\/?attachment_id=12621\" class=\"wp-image-12621\" srcset=\"https:\/\/cineprod.pro\/wp-content\/uploads\/2025\/05\/BBQ-WESTERN-FARWEST-FEU-DE-CAMP-RANCH-TERRE-ET-MIEL-GRAND-PARIS-ESSONNE-11.jpg 1000w, https:\/\/cineprod.pro\/wp-content\/uploads\/2025\/05\/BBQ-WESTERN-FARWEST-FEU-DE-CAMP-RANCH-TERRE-ET-MIEL-GRAND-PARIS-ESSONNE-11-300x253.jpg 300w, https:\/\/cineprod.pro\/wp-content\/uploads\/2025\/05\/BBQ-WESTERN-FARWEST-FEU-DE-CAMP-RANCH-TERRE-ET-MIEL-GRAND-PARIS-ESSONNE-11-768x647.jpg 768w, https:\/\/cineprod.pro\/wp-content\/uploads\/2025\/05\/BBQ-WESTERN-FARWEST-FEU-DE-CAMP-RANCH-TERRE-ET-MIEL-GRAND-PARIS-ESSONNE-11-736x620.jpg 736w, https:\/\/cineprod.pro\/wp-content\/uploads\/2025\/05\/BBQ-WESTERN-FARWEST-FEU-DE-CAMP-RANCH-TERRE-ET-MIEL-GRAND-PARIS-ESSONNE-11-600x505.jpg 600w, https:\/\/cineprod.pro\/wp-content\/uploads\/2025\/05\/BBQ-WESTERN-FARWEST-FEU-DE-CAMP-RANCH-TERRE-ET-MIEL-GRAND-PARIS-ESSONNE-11-400x337.jpg 400w\" sizes=\"(max-width: 1000px) 100vw, 1000px\" \/><\/figure><\/li><li class=\"blocks-gallery-item\"><figure><img loading=\"lazy\" width=\"1000\" height=\"829\" src=\"https:\/\/cineprod.pro\/wp-content\/uploads\/2025\/05\/BBQ-WESTERN-FARWEST-FEU-DE-CAMP-RANCH-TERRE-ET-MIEL-GRAND-PARIS-ESSONNE-12.jpg\" alt=\"\" data-id=\"12622\" data-full-url=\"https:\/\/cineprod.pro\/wp-content\/uploads\/2025\/05\/BBQ-WESTERN-FARWEST-FEU-DE-CAMP-RANCH-TERRE-ET-MIEL-GRAND-PARIS-ESSONNE-12.jpg\" data-link=\"https:\/\/cineprod.pro\/?attachment_id=12622\" class=\"wp-image-12622\" srcset=\"https:\/\/cineprod.pro\/wp-content\/uploads\/2025\/05\/BBQ-WESTERN-FARWEST-FEU-DE-CAMP-RANCH-TERRE-ET-MIEL-GRAND-PARIS-ESSONNE-12.jpg 1000w, https:\/\/cineprod.pro\/wp-content\/uploads\/2025\/05\/BBQ-WESTERN-FARWEST-FEU-DE-CAMP-RANCH-TERRE-ET-MIEL-GRAND-PARIS-ESSONNE-12-300x249.jpg 300w, https:\/\/cineprod.pro\/wp-content\/uploads\/2025\/05\/BBQ-WESTERN-FARWEST-FEU-DE-CAMP-RANCH-TERRE-ET-MIEL-GRAND-PARIS-ESSONNE-12-768x637.jpg 768w, https:\/\/cineprod.pro\/wp-content\/uploads\/2025\/05\/BBQ-WESTERN-FARWEST-FEU-DE-CAMP-RANCH-TERRE-ET-MIEL-GRAND-PARIS-ESSONNE-12-748x620.jpg 748w, https:\/\/cineprod.pro\/wp-content\/uploads\/2025\/05\/BBQ-WESTERN-FARWEST-FEU-DE-CAMP-RANCH-TERRE-ET-MIEL-GRAND-PARIS-ESSONNE-12-600x497.jpg 600w, https:\/\/cineprod.pro\/wp-content\/uploads\/2025\/05\/BBQ-WESTERN-FARWEST-FEU-DE-CAMP-RANCH-TERRE-ET-MIEL-GRAND-PARIS-ESSONNE-12-400x332.jpg 400w\" sizes=\"(max-width: 1000px) 100vw, 1000px\" \/><\/figure><\/li><li class=\"blocks-gallery-item\"><figure><img loading=\"lazy\" width=\"1000\" height=\"842\" src=\"https:\/\/cineprod.pro\/wp-content\/uploads\/2025\/05\/BBQ-WESTERN-FARWEST-FEU-DE-CAMP-RANCH-TERRE-ET-MIEL-GRAND-PARIS-ESSONNE-13.jpg\" alt=\"\" data-id=\"12623\" data-full-url=\"https:\/\/cineprod.pro\/wp-content\/uploads\/2025\/05\/BBQ-WESTERN-FARWEST-FEU-DE-CAMP-RANCH-TERRE-ET-MIEL-GRAND-PARIS-ESSONNE-13.jpg\" data-link=\"https:\/\/cineprod.pro\/?attachment_id=12623\" class=\"wp-image-12623\" srcset=\"https:\/\/cineprod.pro\/wp-content\/uploads\/2025\/05\/BBQ-WESTERN-FARWEST-FEU-DE-CAMP-RANCH-TERRE-ET-MIEL-GRAND-PARIS-ESSONNE-13.jpg 1000w, https:\/\/cineprod.pro\/wp-content\/uploads\/2025\/05\/BBQ-WESTERN-FARWEST-FEU-DE-CAMP-RANCH-TERRE-ET-MIEL-GRAND-PARIS-ESSONNE-13-300x253.jpg 300w, https:\/\/cineprod.pro\/wp-content\/uploads\/2025\/05\/BBQ-WESTERN-FARWEST-FEU-DE-CAMP-RANCH-TERRE-ET-MIEL-GRAND-PARIS-ESSONNE-13-768x647.jpg 768w, https:\/\/cineprod.pro\/wp-content\/uploads\/2025\/05\/BBQ-WESTERN-FARWEST-FEU-DE-CAMP-RANCH-TERRE-ET-MIEL-GRAND-PARIS-ESSONNE-13-736x620.jpg 736w, https:\/\/cineprod.pro\/wp-content\/uploads\/2025\/05\/BBQ-WESTERN-FARWEST-FEU-DE-CAMP-RANCH-TERRE-ET-MIEL-GRAND-PARIS-ESSONNE-13-600x505.jpg 600w, https:\/\/cineprod.pro\/wp-content\/uploads\/2025\/05\/BBQ-WESTERN-FARWEST-FEU-DE-CAMP-RANCH-TERRE-ET-MIEL-GRAND-PARIS-ESSONNE-13-400x337.jpg 400w\" sizes=\"(max-width: 1000px) 100vw, 1000px\" \/><\/figure><\/li><li class=\"blocks-gallery-item\"><figure><img loading=\"lazy\" width=\"1000\" height=\"841\" src=\"https:\/\/cineprod.pro\/wp-content\/uploads\/2025\/05\/BBQ-WESTERN-FARWEST-FEU-DE-CAMP-RANCH-TERRE-ET-MIEL-GRAND-PARIS-ESSONNE-15.jpg\" alt=\"\" data-id=\"12624\" data-full-url=\"https:\/\/cineprod.pro\/wp-content\/uploads\/2025\/05\/BBQ-WESTERN-FARWEST-FEU-DE-CAMP-RANCH-TERRE-ET-MIEL-GRAND-PARIS-ESSONNE-15.jpg\" data-link=\"https:\/\/cineprod.pro\/?attachment_id=12624\" class=\"wp-image-12624\" srcset=\"https:\/\/cineprod.pro\/wp-content\/uploads\/2025\/05\/BBQ-WESTERN-FARWEST-FEU-DE-CAMP-RANCH-TERRE-ET-MIEL-GRAND-PARIS-ESSONNE-15.jpg 1000w, https:\/\/cineprod.pro\/wp-content\/uploads\/2025\/05\/BBQ-WESTERN-FARWEST-FEU-DE-CAMP-RANCH-TERRE-ET-MIEL-GRAND-PARIS-ESSONNE-15-300x252.jpg 300w, https:\/\/cineprod.pro\/wp-content\/uploads\/2025\/05\/BBQ-WESTERN-FARWEST-FEU-DE-CAMP-RANCH-TERRE-ET-MIEL-GRAND-PARIS-ESSONNE-15-768x646.jpg 768w, https:\/\/cineprod.pro\/wp-content\/uploads\/2025\/05\/BBQ-WESTERN-FARWEST-FEU-DE-CAMP-RANCH-TERRE-ET-MIEL-GRAND-PARIS-ESSONNE-15-737x620.jpg 737w, https:\/\/cineprod.pro\/wp-content\/uploads\/2025\/05\/BBQ-WESTERN-FARWEST-FEU-DE-CAMP-RANCH-TERRE-ET-MIEL-GRAND-PARIS-ESSONNE-15-600x505.jpg 600w, https:\/\/cineprod.pro\/wp-content\/uploads\/2025\/05\/BBQ-WESTERN-FARWEST-FEU-DE-CAMP-RANCH-TERRE-ET-MIEL-GRAND-PARIS-ESSONNE-15-400x336.jpg 400w\" sizes=\"(max-width: 1000px) 100vw, 1000px\" \/><\/figure><\/li><li class=\"blocks-gallery-item\"><figure><img loading=\"lazy\" width=\"1000\" height=\"845\" src=\"https:\/\/cineprod.pro\/wp-content\/uploads\/2025\/05\/BBQ-WESTERN-FARWEST-FEU-DE-CAMP-RANCH-TERRE-ET-MIEL-GRAND-PARIS-ESSONNE-16.jpg\" alt=\"\" data-id=\"12625\" data-full-url=\"https:\/\/cineprod.pro\/wp-content\/uploads\/2025\/05\/BBQ-WESTERN-FARWEST-FEU-DE-CAMP-RANCH-TERRE-ET-MIEL-GRAND-PARIS-ESSONNE-16.jpg\" data-link=\"https:\/\/cineprod.pro\/?attachment_id=12625\" class=\"wp-image-12625\" srcset=\"https:\/\/cineprod.pro\/wp-content\/uploads\/2025\/05\/BBQ-WESTERN-FARWEST-FEU-DE-CAMP-RANCH-TERRE-ET-MIEL-GRAND-PARIS-ESSONNE-16.jpg 1000w, https:\/\/cineprod.pro\/wp-content\/uploads\/2025\/05\/BBQ-WESTERN-FARWEST-FEU-DE-CAMP-RANCH-TERRE-ET-MIEL-GRAND-PARIS-ESSONNE-16-300x254.jpg 300w, https:\/\/cineprod.pro\/wp-content\/uploads\/2025\/05\/BBQ-WESTERN-FARWEST-FEU-DE-CAMP-RANCH-TERRE-ET-MIEL-GRAND-PARIS-ESSONNE-16-768x649.jpg 768w, https:\/\/cineprod.pro\/wp-content\/uploads\/2025\/05\/BBQ-WESTERN-FARWEST-FEU-DE-CAMP-RANCH-TERRE-ET-MIEL-GRAND-PARIS-ESSONNE-16-734x620.jpg 734w, https:\/\/cineprod.pro\/wp-content\/uploads\/2025\/05\/BBQ-WESTERN-FARWEST-FEU-DE-CAMP-RANCH-TERRE-ET-MIEL-GRAND-PARIS-ESSONNE-16-600x507.jpg 600w, https:\/\/cineprod.pro\/wp-content\/uploads\/2025\/05\/BBQ-WESTERN-FARWEST-FEU-DE-CAMP-RANCH-TERRE-ET-MIEL-GRAND-PARIS-ESSONNE-16-400x338.jpg 400w\" sizes=\"(max-width: 1000px) 100vw, 1000px\" \/><\/figure><\/li><\/ul><\/figure>\n","protected":false},"excerpt":{"rendered":"<p>\ud83c\udf35 Bienvenue au RANCH TERRE ET MIEL ! \ud83c\udf35 Sous un ciel \u00e9toil\u00e9, laissez-vous emporter par l\u2019ambiance du Far West. Ici, le feu de camp cr\u00e9pite, les histoires r\u00e9sonnent et&hellip;<a href=\"https:\/\/cineprod.pro\/?page_id=12627\" class=\"more-link\"><span class=\"more-button\">Continue reading<span class=\"screen-reader-text\">SOIREE-BBQ-WESTERN-FARWEST-RANCH-TERRE-ET-MIEL-GRAND-PARIS-ESSONNE-BARBECUE-SOUS-LES-ETOILES<\/span><\/span><\/a><\/p>\n","protected":false},"author":1,"featured_media":0,"parent":0,"menu_order":0,"comment_status":"closed","ping_status":"closed","template":"","meta":[],"_links":{"self":[{"href":"https:\/\/cineprod.pro\/index.php?rest_route=\/wp\/v2\/pages\/12627"}],"collection":[{"href":"https:\/\/cineprod.pro\/index.php?rest_route=\/wp\/v2\/pages"}],"about":[{"href":"https:\/\/cineprod.pro\/index.php?rest_route=\/wp\/v2\/types\/page"}],"author":[{"embeddable":true,"href":"https:\/\/cineprod.pro\/index.php?rest_route=\/wp\/v2\/users\/1"}],"replies":[{"embeddable":true,"href":"https:\/\/cineprod.pro\/index.php?rest_route=%2Fwp%2Fv2%2Fcomments&post=12627"}],"version-history":[{"count":1,"href":"https:\/\/cineprod.pro\/index.php?rest_route=\/wp\/v2\/pages\/12627\/revisions"}],"predecessor-version":[{"id":12629,"href":"https:\/\/cineprod.pro\/index.php?rest_route=\/wp\/v2\/pages\/12627\/revisions\/12629"}],"wp:attachment":[{"href":"https:\/\/cineprod.pro\/index.php?rest_route=%2Fwp%2Fv2%2Fmedia&parent=12627"}],"curies":[{"name":"wp","href":"https:\/\/api.w.org\/{rel}","templated":true}]}}