{"id":11969,"date":"2024-09-24T21:16:10","date_gmt":"2024-09-24T19:16:10","guid":{"rendered":"https:\/\/cineprod.pro\/?page_id=11969"},"modified":"2024-09-29T20:31:27","modified_gmt":"2024-09-29T18:31:27","slug":"pere-noel","status":"publish","type":"page","link":"https:\/\/cineprod.pro\/?page_id=11969","title":{"rendered":"PERE-NOEL"},"content":{"rendered":"\n<p>PERE NOEL PARIS<\/p>\n\n\n\n<figure class=\"wp-block-gallery columns-3 is-cropped\"><ul class=\"blocks-gallery-grid\"><li class=\"blocks-gallery-item\"><figure><img loading=\"lazy\" width=\"719\" height=\"1024\" src=\"https:\/\/cineprod.pro\/wp-content\/uploads\/2024\/09\/PERE-NOEL-719x1024.jpg\" alt=\"\" data-id=\"11984\" data-full-url=\"https:\/\/cineprod.pro\/wp-content\/uploads\/2024\/09\/PERE-NOEL.jpg\" data-link=\"https:\/\/cineprod.pro\/?attachment_id=11984\" class=\"wp-image-11984\" srcset=\"https:\/\/cineprod.pro\/wp-content\/uploads\/2024\/09\/PERE-NOEL-719x1024.jpg 719w, https:\/\/cineprod.pro\/wp-content\/uploads\/2024\/09\/PERE-NOEL-211x300.jpg 211w, https:\/\/cineprod.pro\/wp-content\/uploads\/2024\/09\/PERE-NOEL-768x1093.jpg 768w, https:\/\/cineprod.pro\/wp-content\/uploads\/2024\/09\/PERE-NOEL-436x620.jpg 436w, https:\/\/cineprod.pro\/wp-content\/uploads\/2024\/09\/PERE-NOEL-703x1000.jpg 703w, https:\/\/cineprod.pro\/wp-content\/uploads\/2024\/09\/PERE-NOEL-457x650.jpg 457w, https:\/\/cineprod.pro\/wp-content\/uploads\/2024\/09\/PERE-NOEL-316x450.jpg 316w, https:\/\/cineprod.pro\/wp-content\/uploads\/2024\/09\/PERE-NOEL.jpg 900w\" sizes=\"(max-width: 719px) 100vw, 719px\" \/><\/figure><\/li><li class=\"blocks-gallery-item\"><figure><img loading=\"lazy\" width=\"737\" height=\"1024\" src=\"https:\/\/cineprod.pro\/wp-content\/uploads\/2024\/09\/PERE-NOEL-AUTHENTIQUE-737x1024.jpg\" alt=\"\" data-id=\"11985\" data-full-url=\"https:\/\/cineprod.pro\/wp-content\/uploads\/2024\/09\/PERE-NOEL-AUTHENTIQUE.jpg\" data-link=\"https:\/\/cineprod.pro\/?attachment_id=11985\" class=\"wp-image-11985\" srcset=\"https:\/\/cineprod.pro\/wp-content\/uploads\/2024\/09\/PERE-NOEL-AUTHENTIQUE-737x1024.jpg 737w, https:\/\/cineprod.pro\/wp-content\/uploads\/2024\/09\/PERE-NOEL-AUTHENTIQUE-216x300.jpg 216w, https:\/\/cineprod.pro\/wp-content\/uploads\/2024\/09\/PERE-NOEL-AUTHENTIQUE-768x1067.jpg 768w, https:\/\/cineprod.pro\/wp-content\/uploads\/2024\/09\/PERE-NOEL-AUTHENTIQUE-446x620.jpg 446w, https:\/\/cineprod.pro\/wp-content\/uploads\/2024\/09\/PERE-NOEL-AUTHENTIQUE-720x1000.jpg 720w, https:\/\/cineprod.pro\/wp-content\/uploads\/2024\/09\/PERE-NOEL-AUTHENTIQUE-468x650.jpg 468w, https:\/\/cineprod.pro\/wp-content\/uploads\/2024\/09\/PERE-NOEL-AUTHENTIQUE-324x450.jpg 324w, https:\/\/cineprod.pro\/wp-content\/uploads\/2024\/09\/PERE-NOEL-AUTHENTIQUE.jpg 900w\" sizes=\"(max-width: 737px) 100vw, 737px\" \/><\/figure><\/li><li class=\"blocks-gallery-item\"><figure><img loading=\"lazy\" width=\"724\" height=\"1024\" src=\"https:\/\/cineprod.pro\/wp-content\/uploads\/2024\/09\/PERE-NOEL-CINEPROD-724x1024.jpg\" alt=\"\" data-id=\"11986\" data-full-url=\"https:\/\/cineprod.pro\/wp-content\/uploads\/2024\/09\/PERE-NOEL-CINEPROD.jpg\" data-link=\"https:\/\/cineprod.pro\/?attachment_id=11986\" class=\"wp-image-11986\" srcset=\"https:\/\/cineprod.pro\/wp-content\/uploads\/2024\/09\/PERE-NOEL-CINEPROD-724x1024.jpg 724w, https:\/\/cineprod.pro\/wp-content\/uploads\/2024\/09\/PERE-NOEL-CINEPROD-212x300.jpg 212w, https:\/\/cineprod.pro\/wp-content\/uploads\/2024\/09\/PERE-NOEL-CINEPROD-768x1086.jpg 768w, https:\/\/cineprod.pro\/wp-content\/uploads\/2024\/09\/PERE-NOEL-CINEPROD-438x620.jpg 438w, https:\/\/cineprod.pro\/wp-content\/uploads\/2024\/09\/PERE-NOEL-CINEPROD-707x1000.jpg 707w, https:\/\/cineprod.pro\/wp-content\/uploads\/2024\/09\/PERE-NOEL-CINEPROD-460x650.jpg 460w, https:\/\/cineprod.pro\/wp-content\/uploads\/2024\/09\/PERE-NOEL-CINEPROD-318x450.jpg 318w, https:\/\/cineprod.pro\/wp-content\/uploads\/2024\/09\/PERE-NOEL-CINEPROD.jpg 900w\" sizes=\"(max-width: 724px) 100vw, 724px\" \/><\/figure><\/li><li class=\"blocks-gallery-item\"><figure><img loading=\"lazy\" width=\"736\" height=\"1024\" src=\"https:\/\/cineprod.pro\/wp-content\/uploads\/2024\/09\/PERE-NOEL-PARIS-736x1024.jpg\" alt=\"\" data-id=\"11987\" data-full-url=\"https:\/\/cineprod.pro\/wp-content\/uploads\/2024\/09\/PERE-NOEL-PARIS.jpg\" data-link=\"https:\/\/cineprod.pro\/?attachment_id=11987\" class=\"wp-image-11987\" srcset=\"https:\/\/cineprod.pro\/wp-content\/uploads\/2024\/09\/PERE-NOEL-PARIS-736x1024.jpg 736w, https:\/\/cineprod.pro\/wp-content\/uploads\/2024\/09\/PERE-NOEL-PARIS-215x300.jpg 215w, https:\/\/cineprod.pro\/wp-content\/uploads\/2024\/09\/PERE-NOEL-PARIS-768x1069.jpg 768w, https:\/\/cineprod.pro\/wp-content\/uploads\/2024\/09\/PERE-NOEL-PARIS-445x620.jpg 445w, https:\/\/cineprod.pro\/wp-content\/uploads\/2024\/09\/PERE-NOEL-PARIS-718x1000.jpg 718w, https:\/\/cineprod.pro\/wp-content\/uploads\/2024\/09\/PERE-NOEL-PARIS-467x650.jpg 467w, https:\/\/cineprod.pro\/wp-content\/uploads\/2024\/09\/PERE-NOEL-PARIS-323x450.jpg 323w, https:\/\/cineprod.pro\/wp-content\/uploads\/2024\/09\/PERE-NOEL-PARIS.jpg 900w\" sizes=\"(max-width: 736px) 100vw, 736px\" \/><\/figure><\/li><li class=\"blocks-gallery-item\"><figure><img loading=\"lazy\" width=\"731\" height=\"1024\" src=\"https:\/\/cineprod.pro\/wp-content\/uploads\/2024\/09\/PERE-NOEL-PARIS-2-731x1024.jpg\" alt=\"\" data-id=\"11988\" data-full-url=\"https:\/\/cineprod.pro\/wp-content\/uploads\/2024\/09\/PERE-NOEL-PARIS-2.jpg\" data-link=\"https:\/\/cineprod.pro\/?attachment_id=11988\" class=\"wp-image-11988\" srcset=\"https:\/\/cineprod.pro\/wp-content\/uploads\/2024\/09\/PERE-NOEL-PARIS-2-731x1024.jpg 731w, https:\/\/cineprod.pro\/wp-content\/uploads\/2024\/09\/PERE-NOEL-PARIS-2-214x300.jpg 214w, https:\/\/cineprod.pro\/wp-content\/uploads\/2024\/09\/PERE-NOEL-PARIS-2-768x1075.jpg 768w, https:\/\/cineprod.pro\/wp-content\/uploads\/2024\/09\/PERE-NOEL-PARIS-2-443x620.jpg 443w, https:\/\/cineprod.pro\/wp-content\/uploads\/2024\/09\/PERE-NOEL-PARIS-2-714x1000.jpg 714w, https:\/\/cineprod.pro\/wp-content\/uploads\/2024\/09\/PERE-NOEL-PARIS-2-464x650.jpg 464w, https:\/\/cineprod.pro\/wp-content\/uploads\/2024\/09\/PERE-NOEL-PARIS-2-321x450.jpg 321w, https:\/\/cineprod.pro\/wp-content\/uploads\/2024\/09\/PERE-NOEL-PARIS-2.jpg 900w\" sizes=\"(max-width: 731px) 100vw, 731px\" \/><\/figure><\/li><li class=\"blocks-gallery-item\"><figure><img loading=\"lazy\" width=\"718\" height=\"1024\" src=\"https:\/\/cineprod.pro\/wp-content\/uploads\/2024\/09\/PERE-NOEL-PARIS-3-718x1024.jpg\" alt=\"\" data-id=\"11989\" data-full-url=\"https:\/\/cineprod.pro\/wp-content\/uploads\/2024\/09\/PERE-NOEL-PARIS-3.jpg\" data-link=\"https:\/\/cineprod.pro\/?attachment_id=11989\" class=\"wp-image-11989\" srcset=\"https:\/\/cineprod.pro\/wp-content\/uploads\/2024\/09\/PERE-NOEL-PARIS-3-718x1024.jpg 718w, https:\/\/cineprod.pro\/wp-content\/uploads\/2024\/09\/PERE-NOEL-PARIS-3-210x300.jpg 210w, https:\/\/cineprod.pro\/wp-content\/uploads\/2024\/09\/PERE-NOEL-PARIS-3-768x1096.jpg 768w, https:\/\/cineprod.pro\/wp-content\/uploads\/2024\/09\/PERE-NOEL-PARIS-3-435x620.jpg 435w, https:\/\/cineprod.pro\/wp-content\/uploads\/2024\/09\/PERE-NOEL-PARIS-3-701x1000.jpg 701w, https:\/\/cineprod.pro\/wp-content\/uploads\/2024\/09\/PERE-NOEL-PARIS-3-456x650.jpg 456w, https:\/\/cineprod.pro\/wp-content\/uploads\/2024\/09\/PERE-NOEL-PARIS-3-315x450.jpg 315w, https:\/\/cineprod.pro\/wp-content\/uploads\/2024\/09\/PERE-NOEL-PARIS-3.jpg 900w\" sizes=\"(max-width: 718px) 100vw, 718px\" \/><\/figure><\/li><li class=\"blocks-gallery-item\"><figure><img loading=\"lazy\" width=\"726\" height=\"1024\" src=\"https:\/\/cineprod.pro\/wp-content\/uploads\/2024\/09\/PERE-NOEL-PARIS-4-726x1024.jpg\" alt=\"\" data-id=\"11991\" data-full-url=\"https:\/\/cineprod.pro\/wp-content\/uploads\/2024\/09\/PERE-NOEL-PARIS-4.jpg\" data-link=\"https:\/\/cineprod.pro\/?attachment_id=11991\" class=\"wp-image-11991\" srcset=\"https:\/\/cineprod.pro\/wp-content\/uploads\/2024\/09\/PERE-NOEL-PARIS-4-726x1024.jpg 726w, https:\/\/cineprod.pro\/wp-content\/uploads\/2024\/09\/PERE-NOEL-PARIS-4-213x300.jpg 213w, https:\/\/cineprod.pro\/wp-content\/uploads\/2024\/09\/PERE-NOEL-PARIS-4-768x1084.jpg 768w, https:\/\/cineprod.pro\/wp-content\/uploads\/2024\/09\/PERE-NOEL-PARIS-4-439x620.jpg 439w, https:\/\/cineprod.pro\/wp-content\/uploads\/2024\/09\/PERE-NOEL-PARIS-4-709x1000.jpg 709w, https:\/\/cineprod.pro\/wp-content\/uploads\/2024\/09\/PERE-NOEL-PARIS-4-461x650.jpg 461w, https:\/\/cineprod.pro\/wp-content\/uploads\/2024\/09\/PERE-NOEL-PARIS-4-319x450.jpg 319w, https:\/\/cineprod.pro\/wp-content\/uploads\/2024\/09\/PERE-NOEL-PARIS-4.jpg 900w\" sizes=\"(max-width: 726px) 100vw, 726px\" \/><\/figure><\/li><\/ul><\/figure>\n\n\n\n<p>Noel approche \u00e0 grands pas&nbsp;! Ne manquez pas l\u2019occasion de faire r\u00eaver petits et grands avec le PERE NOEL CINEPROD qui vient directement chez vous retirer les commandes o\u00f9 vous envoie une d\u00e9dicace vid\u00e9o personnalis\u00e9e&nbsp;! c\u2019est le moment de r\u00e9server avant que les commandes d\u00e9bordent&nbsp;!!!<\/p>\n\n\n\n<p>Devis gratuits<\/p>\n\n\n\n<p>D\u00e9placement dans toutes la France<\/p>\n\n\n\n<p>Contactez-nous&nbsp;: <a href=\"mailto:contact@cineprod.pro\">contact@cineprod.pro<\/a><\/p>\n\n\n\n<p>Visitez notre site web&nbsp;: <a href=\"https:\/\/cineprod.pro\">https:\/\/cineprod.pro<\/a><\/p>\n\n\n\n<p>#No\u00eblMagique #Cineprod #P\u00e8reNo\u00eblChezVous #D\u00e9dicacesDeNo\u00ebl #P\u00e8reNo\u00ebl #No\u00eblMagique #EspritDeNo\u00ebl #F\u00eateDeNo\u00ebl #CadeauxDeNo\u00eb l#ViveLeP\u00e8reNo\u00ebl #No\u00eblEnFamille #P\u00e8reNo\u00eblChezVous #No\u00ebl2024 #JoyeuxNo\u00ebl #No\u00eblPourTous #MagieDeNo\u00ebl #D\u00e9dicacesDeNo\u00ebl #MomentsDeNo\u00ebl #R\u00eavesDeNo\u00ebl<\/p>\n\n\n\n<p>Noel approche \u00e0 grands pas\u00a0! Ne manquez pas l\u2019occasion de faire r\u00eaver petits et grands avec le PERE NOEL CINEPROD qui vient directement chez vous retirer les commandes o\u00f9 vous envoie une d\u00e9dicace vid\u00e9o personnalis\u00e9e\u00a0! c\u2019est le moment de r\u00e9server avant que les commandes d\u00e9bordent\u00a0!!!<\/p>\n\n\n\n<p>Devis gratuits<\/p>\n\n\n\n<p>D\u00e9placement dans toutes la France<\/p>\n\n\n\n<p>Contactez-nous&nbsp;: <a href=\"mailto:contact@cineprod.pro\">contact@cineprod.pro<\/a><\/p>\n\n\n\n<p>Visitez notre site web&nbsp;: <a href=\"https:\/\/cineprod.pro\">https:\/\/cineprod.pro<\/a><\/p>\n\n\n\n<p>#No\u00eblMagique #Cineprod #P\u00e8reNo\u00eblChezVous #D\u00e9dicacesDeNo\u00ebl #P\u00e8reNo\u00ebl #No\u00eblMagique #EspritDeNo\u00ebl #F\u00eateDeNo\u00ebl #CadeauxDeNo\u00eb l#ViveLeP\u00e8reNo\u00ebl #No\u00eblEnFamille #P\u00e8reNo\u00eblChezVous #No\u00ebl2024 #JoyeuxNo\u00ebl #No\u00eblPourTous #MagieDeNo\u00ebl #D\u00e9dicacesDeNo\u00ebl #MomentsDeNo\u00ebl #R\u00eavesDeNo\u00ebl<\/p>\n\n\n\n<p><a href=\"https:\/\/youtube.com\/shorts\/EH29vJAWLIM?si=9I1IkqKp7tfmQJOz\">https:\/\/youtube.com\/shorts\/EH29vJAWLIM?si=9I1IkqKp7tfmQJOz<\/a><\/p>\n\n\n\n<figure class=\"wp-block-gallery columns-1 is-cropped\"><ul class=\"blocks-gallery-grid\"><li class=\"blocks-gallery-item\"><figure><img loading=\"lazy\" width=\"682\" height=\"1024\" src=\"https:\/\/cineprod.pro\/wp-content\/uploads\/2024\/09\/PERE-NOEL-PARIS-CINEPROD-1-682x1024.jpg\" alt=\"\" data-id=\"11973\" data-full-url=\"https:\/\/cineprod.pro\/wp-content\/uploads\/2024\/09\/PERE-NOEL-PARIS-CINEPROD-1.jpg\" data-link=\"https:\/\/cineprod.pro\/?attachment_id=11973\" class=\"wp-image-11973\" srcset=\"https:\/\/cineprod.pro\/wp-content\/uploads\/2024\/09\/PERE-NOEL-PARIS-CINEPROD-1-682x1024.jpg 682w, https:\/\/cineprod.pro\/wp-content\/uploads\/2024\/09\/PERE-NOEL-PARIS-CINEPROD-1-200x300.jpg 200w, https:\/\/cineprod.pro\/wp-content\/uploads\/2024\/09\/PERE-NOEL-PARIS-CINEPROD-1-768x1153.jpg 768w, https:\/\/cineprod.pro\/wp-content\/uploads\/2024\/09\/PERE-NOEL-PARIS-CINEPROD-1-413x620.jpg 413w, https:\/\/cineprod.pro\/wp-content\/uploads\/2024\/09\/PERE-NOEL-PARIS-CINEPROD-1-666x1000.jpg 666w, https:\/\/cineprod.pro\/wp-content\/uploads\/2024\/09\/PERE-NOEL-PARIS-CINEPROD-1-433x650.jpg 433w, https:\/\/cineprod.pro\/wp-content\/uploads\/2024\/09\/PERE-NOEL-PARIS-CINEPROD-1-300x450.jpg 300w, https:\/\/cineprod.pro\/wp-content\/uploads\/2024\/09\/PERE-NOEL-PARIS-CINEPROD-1.jpg 900w\" sizes=\"(max-width: 682px) 100vw, 682px\" \/><\/figure><\/li><li class=\"blocks-gallery-item\"><figure><img loading=\"lazy\" width=\"682\" height=\"1024\" src=\"https:\/\/cineprod.pro\/wp-content\/uploads\/2024\/09\/PERE-NOEL-PARIS-CINEPROD-2-682x1024.jpg\" alt=\"\" data-id=\"11974\" data-full-url=\"https:\/\/cineprod.pro\/wp-content\/uploads\/2024\/09\/PERE-NOEL-PARIS-CINEPROD-2.jpg\" data-link=\"https:\/\/cineprod.pro\/?attachment_id=11974\" class=\"wp-image-11974\" srcset=\"https:\/\/cineprod.pro\/wp-content\/uploads\/2024\/09\/PERE-NOEL-PARIS-CINEPROD-2-682x1024.jpg 682w, https:\/\/cineprod.pro\/wp-content\/uploads\/2024\/09\/PERE-NOEL-PARIS-CINEPROD-2-200x300.jpg 200w, https:\/\/cineprod.pro\/wp-content\/uploads\/2024\/09\/PERE-NOEL-PARIS-CINEPROD-2-768x1153.jpg 768w, https:\/\/cineprod.pro\/wp-content\/uploads\/2024\/09\/PERE-NOEL-PARIS-CINEPROD-2-413x620.jpg 413w, https:\/\/cineprod.pro\/wp-content\/uploads\/2024\/09\/PERE-NOEL-PARIS-CINEPROD-2-666x1000.jpg 666w, https:\/\/cineprod.pro\/wp-content\/uploads\/2024\/09\/PERE-NOEL-PARIS-CINEPROD-2-433x650.jpg 433w, https:\/\/cineprod.pro\/wp-content\/uploads\/2024\/09\/PERE-NOEL-PARIS-CINEPROD-2-300x450.jpg 300w, https:\/\/cineprod.pro\/wp-content\/uploads\/2024\/09\/PERE-NOEL-PARIS-CINEPROD-2.jpg 900w\" sizes=\"(max-width: 682px) 100vw, 682px\" \/><\/figure><\/li><li class=\"blocks-gallery-item\"><figure><img loading=\"lazy\" width=\"682\" height=\"1024\" src=\"https:\/\/cineprod.pro\/wp-content\/uploads\/2024\/09\/PERE-NOEL-PARIS-CINEPROD-3-682x1024.jpg\" alt=\"\" data-id=\"11975\" data-full-url=\"https:\/\/cineprod.pro\/wp-content\/uploads\/2024\/09\/PERE-NOEL-PARIS-CINEPROD-3.jpg\" data-link=\"https:\/\/cineprod.pro\/?attachment_id=11975\" class=\"wp-image-11975\" srcset=\"https:\/\/cineprod.pro\/wp-content\/uploads\/2024\/09\/PERE-NOEL-PARIS-CINEPROD-3-682x1024.jpg 682w, https:\/\/cineprod.pro\/wp-content\/uploads\/2024\/09\/PERE-NOEL-PARIS-CINEPROD-3-200x300.jpg 200w, https:\/\/cineprod.pro\/wp-content\/uploads\/2024\/09\/PERE-NOEL-PARIS-CINEPROD-3-768x1153.jpg 768w, https:\/\/cineprod.pro\/wp-content\/uploads\/2024\/09\/PERE-NOEL-PARIS-CINEPROD-3-413x620.jpg 413w, https:\/\/cineprod.pro\/wp-content\/uploads\/2024\/09\/PERE-NOEL-PARIS-CINEPROD-3-666x1000.jpg 666w, https:\/\/cineprod.pro\/wp-content\/uploads\/2024\/09\/PERE-NOEL-PARIS-CINEPROD-3-433x650.jpg 433w, https:\/\/cineprod.pro\/wp-content\/uploads\/2024\/09\/PERE-NOEL-PARIS-CINEPROD-3-300x450.jpg 300w, https:\/\/cineprod.pro\/wp-content\/uploads\/2024\/09\/PERE-NOEL-PARIS-CINEPROD-3.jpg 900w\" sizes=\"(max-width: 682px) 100vw, 682px\" \/><\/figure><\/li><li class=\"blocks-gallery-item\"><figure><img loading=\"lazy\" width=\"682\" height=\"1024\" src=\"https:\/\/cineprod.pro\/wp-content\/uploads\/2024\/09\/PERE-NOEL-PARIS-CINEPROD-4-682x1024.jpg\" alt=\"\" data-id=\"11976\" data-full-url=\"https:\/\/cineprod.pro\/wp-content\/uploads\/2024\/09\/PERE-NOEL-PARIS-CINEPROD-4.jpg\" data-link=\"https:\/\/cineprod.pro\/?attachment_id=11976\" class=\"wp-image-11976\" srcset=\"https:\/\/cineprod.pro\/wp-content\/uploads\/2024\/09\/PERE-NOEL-PARIS-CINEPROD-4-682x1024.jpg 682w, https:\/\/cineprod.pro\/wp-content\/uploads\/2024\/09\/PERE-NOEL-PARIS-CINEPROD-4-200x300.jpg 200w, https:\/\/cineprod.pro\/wp-content\/uploads\/2024\/09\/PERE-NOEL-PARIS-CINEPROD-4-768x1153.jpg 768w, https:\/\/cineprod.pro\/wp-content\/uploads\/2024\/09\/PERE-NOEL-PARIS-CINEPROD-4-413x620.jpg 413w, https:\/\/cineprod.pro\/wp-content\/uploads\/2024\/09\/PERE-NOEL-PARIS-CINEPROD-4-666x1000.jpg 666w, https:\/\/cineprod.pro\/wp-content\/uploads\/2024\/09\/PERE-NOEL-PARIS-CINEPROD-4-433x650.jpg 433w, https:\/\/cineprod.pro\/wp-content\/uploads\/2024\/09\/PERE-NOEL-PARIS-CINEPROD-4-300x450.jpg 300w, https:\/\/cineprod.pro\/wp-content\/uploads\/2024\/09\/PERE-NOEL-PARIS-CINEPROD-4.jpg 900w\" sizes=\"(max-width: 682px) 100vw, 682px\" \/><\/figure><\/li><\/ul><\/figure>\n","protected":false},"excerpt":{"rendered":"<p>PERE NOEL PARIS Noel approche \u00e0 grands pas&nbsp;! Ne manquez pas l\u2019occasion de faire r\u00eaver petits et grands avec le PERE NOEL CINEPROD qui vient directement chez vous retirer les&hellip;<a href=\"https:\/\/cineprod.pro\/?page_id=11969\" class=\"more-link\"><span class=\"more-button\">Continue reading<span class=\"screen-reader-text\">PERE-NOEL<\/span><\/span><\/a><\/p>\n","protected":false},"author":1,"featured_media":0,"parent":0,"menu_order":0,"comment_status":"closed","ping_status":"closed","template":"","meta":[],"_links":{"self":[{"href":"https:\/\/cineprod.pro\/index.php?rest_route=\/wp\/v2\/pages\/11969"}],"collection":[{"href":"https:\/\/cineprod.pro\/index.php?rest_route=\/wp\/v2\/pages"}],"about":[{"href":"https:\/\/cineprod.pro\/index.php?rest_route=\/wp\/v2\/types\/page"}],"author":[{"embeddable":true,"href":"https:\/\/cineprod.pro\/index.php?rest_route=\/wp\/v2\/users\/1"}],"replies":[{"embeddable":true,"href":"https:\/\/cineprod.pro\/index.php?rest_route=%2Fwp%2Fv2%2Fcomments&post=11969"}],"version-history":[{"count":3,"href":"https:\/\/cineprod.pro\/index.php?rest_route=\/wp\/v2\/pages\/11969\/revisions"}],"predecessor-version":[{"id":11992,"href":"https:\/\/cineprod.pro\/index.php?rest_route=\/wp\/v2\/pages\/11969\/revisions\/11992"}],"wp:attachment":[{"href":"https:\/\/cineprod.pro\/index.php?rest_route=%2Fwp%2Fv2%2Fmedia&parent=11969"}],"curies":[{"name":"wp","href":"https:\/\/api.w.org\/{rel}","templated":true}]}}