{"id":11433,"date":"2024-04-23T07:50:13","date_gmt":"2024-04-23T05:50:13","guid":{"rendered":"https:\/\/cineprod.pro\/?page_id=11433"},"modified":"2024-04-29T20:26:14","modified_gmt":"2024-04-29T18:26:14","slug":"artistes","status":"publish","type":"page","link":"https:\/\/cineprod.pro\/?page_id=11433","title":{"rendered":"ARTISTES"},"content":{"rendered":"<h3><strong>CONTACT: SYLVAIN au 07 61 45 80 80 ou haglerprod@gmail.com<\/strong><\/h3>\n<p><iframe loading=\"lazy\" width=\"560\" height=\"315\" src=\"https:\/\/www.youtube.com\/embed\/AfwHTIyvb3g?si=I4jJreCaMaZwgTVB\" title=\"YouTube video player\" frameborder=\"0\" allow=\"accelerometer; autoplay; clipboard-write; encrypted-media; gyroscope; picture-in-picture; web-share\" referrerpolicy=\"strict-origin-when-cross-origin\" allowfullscreen=\"\"><\/iframe><\/p>\n\n\n<figure class=\"wp-block-image size-full\"><img loading=\"lazy\" width=\"1000\" height=\"610\" src=\"https:\/\/cineprod.pro\/wp-content\/uploads\/2024\/04\/CATCHEURS-CINEPROD-ANIMATION-HOTEL-PALACE-1.jpg\" alt=\"\" class=\"wp-image-11464\" srcset=\"https:\/\/cineprod.pro\/wp-content\/uploads\/2024\/04\/CATCHEURS-CINEPROD-ANIMATION-HOTEL-PALACE-1.jpg 1000w, https:\/\/cineprod.pro\/wp-content\/uploads\/2024\/04\/CATCHEURS-CINEPROD-ANIMATION-HOTEL-PALACE-1-300x183.jpg 300w, https:\/\/cineprod.pro\/wp-content\/uploads\/2024\/04\/CATCHEURS-CINEPROD-ANIMATION-HOTEL-PALACE-1-768x468.jpg 768w, https:\/\/cineprod.pro\/wp-content\/uploads\/2024\/04\/CATCHEURS-CINEPROD-ANIMATION-HOTEL-PALACE-1-825x503.jpg 825w, https:\/\/cineprod.pro\/wp-content\/uploads\/2024\/04\/CATCHEURS-CINEPROD-ANIMATION-HOTEL-PALACE-1-600x366.jpg 600w, https:\/\/cineprod.pro\/wp-content\/uploads\/2024\/04\/CATCHEURS-CINEPROD-ANIMATION-HOTEL-PALACE-1-400x244.jpg 400w\" sizes=\"(max-width: 1000px) 100vw, 1000px\" \/><\/figure>\n\n\n\n<p>Notre \u00e9quipe comprend des mod\u00e8les, com\u00e9diennes et com\u00e9diens, boxeuses et boxeurs, catcheuses et catcheurs, ring-girls, complices, arbitre, maitre-de-c\u00e9r\u00e9monie&#8230;<\/p>\n\n\n\n<p>Tous pro et pr\u00eats \u00e0 passer \u00e0 l&rsquo;action pour r\u00e9aliser un happening sur un plateau de tournage, animer une soir\u00e9e inaugurale d&rsquo;un grand h\u00f4tel Parisien (voir ci-dessous), proposer un show spectaculaire pour une soir\u00e9e \u00ab\u00a0entreprise\u00a0\u00bb ou \u00ab\u00a0CE\u00a0\u00bb.<\/p>\n\n\n\n<p><a href=\"https:\/\/cineprod.pro\/?p=11445\" data-type=\"URL\" data-id=\"https:\/\/cineprod.pro\/?p=11445\">SOIREE INAUGURATION BRACH HOTEL PARIS<\/a><\/p>\n\n\n\n<p><\/p>\n\n\n<p>Ce qui fait la diff\u00e9rence entre un bon et un m\u00e9diocre \u00e9v\u00e9nement, c&rsquo;est l&rsquo;exp\u00e9rience et les moyens mis en oeuvre (techniques et humains)<\/p>\n\n\n<figure class=\"wp-block-image size-full\"><img loading=\"lazy\" width=\"900\" height=\"600\" src=\"https:\/\/cineprod.pro\/wp-content\/uploads\/2021\/08\/animateur-ring-de-boxe.jpg\" alt=\"\" class=\"wp-image-7876\" srcset=\"https:\/\/cineprod.pro\/wp-content\/uploads\/2021\/08\/animateur-ring-de-boxe.jpg 900w, https:\/\/cineprod.pro\/wp-content\/uploads\/2021\/08\/animateur-ring-de-boxe-300x200.jpg 300w, https:\/\/cineprod.pro\/wp-content\/uploads\/2021\/08\/animateur-ring-de-boxe-768x512.jpg 768w, https:\/\/cineprod.pro\/wp-content\/uploads\/2021\/08\/animateur-ring-de-boxe-825x550.jpg 825w, https:\/\/cineprod.pro\/wp-content\/uploads\/2021\/08\/animateur-ring-de-boxe-600x400.jpg 600w, https:\/\/cineprod.pro\/wp-content\/uploads\/2021\/08\/animateur-ring-de-boxe-400x267.jpg 400w\" sizes=\"(max-width: 900px) 100vw, 900px\" \/><\/figure>\n\n\n<p>Nous maitrisons parfaitement tous ces points. C&rsquo;est pour cela que les plus grandes firmes et marques nous font confiance&#8230;<\/p>\n\n\n<figure class=\"wp-block-image size-full\"><img loading=\"lazy\" width=\"900\" height=\"797\" src=\"https:\/\/cineprod.pro\/wp-content\/uploads\/2021\/08\/boxeur-cineprod.jpg\" alt=\"\" class=\"wp-image-7866\" srcset=\"https:\/\/cineprod.pro\/wp-content\/uploads\/2021\/08\/boxeur-cineprod.jpg 900w, https:\/\/cineprod.pro\/wp-content\/uploads\/2021\/08\/boxeur-cineprod-300x266.jpg 300w, https:\/\/cineprod.pro\/wp-content\/uploads\/2021\/08\/boxeur-cineprod-768x680.jpg 768w, https:\/\/cineprod.pro\/wp-content\/uploads\/2021\/08\/boxeur-cineprod-700x620.jpg 700w, https:\/\/cineprod.pro\/wp-content\/uploads\/2021\/08\/boxeur-cineprod-600x531.jpg 600w, https:\/\/cineprod.pro\/wp-content\/uploads\/2021\/08\/boxeur-cineprod-400x354.jpg 400w\" sizes=\"(max-width: 900px) 100vw, 900px\" \/><\/figure>\n\n\n<p>Si vous avez un projet, un besoin: n&rsquo;h\u00e9sitez pas, envoyez un texto au 07 61 45 80 80<\/p>\n\n\n<figure class=\"wp-block-image size-large\"><img loading=\"lazy\" width=\"707\" height=\"1024\" src=\"https:\/\/cineprod.pro\/wp-content\/uploads\/2021\/08\/catcheuse-sexy-paris-707x1024.jpg\" alt=\"\" class=\"wp-image-7871\" srcset=\"https:\/\/cineprod.pro\/wp-content\/uploads\/2021\/08\/catcheuse-sexy-paris-707x1024.jpg 707w, https:\/\/cineprod.pro\/wp-content\/uploads\/2021\/08\/catcheuse-sexy-paris-207x300.jpg 207w, https:\/\/cineprod.pro\/wp-content\/uploads\/2021\/08\/catcheuse-sexy-paris-768x1112.jpg 768w, https:\/\/cineprod.pro\/wp-content\/uploads\/2021\/08\/catcheuse-sexy-paris-428x620.jpg 428w, https:\/\/cineprod.pro\/wp-content\/uploads\/2021\/08\/catcheuse-sexy-paris-691x1000.jpg 691w, https:\/\/cineprod.pro\/wp-content\/uploads\/2021\/08\/catcheuse-sexy-paris-449x650.jpg 449w, https:\/\/cineprod.pro\/wp-content\/uploads\/2021\/08\/catcheuse-sexy-paris-311x450.jpg 311w, https:\/\/cineprod.pro\/wp-content\/uploads\/2021\/08\/catcheuse-sexy-paris.jpg 900w\" sizes=\"(max-width: 707px) 100vw, 707px\" \/><\/figure>\n\n\n\n<figure class=\"wp-block-image size-full\"><img loading=\"lazy\" width=\"900\" height=\"600\" src=\"https:\/\/cineprod.pro\/wp-content\/uploads\/2021\/08\/sylvain-speaker-paris.jpg\" alt=\"\" class=\"wp-image-7874\" srcset=\"https:\/\/cineprod.pro\/wp-content\/uploads\/2021\/08\/sylvain-speaker-paris.jpg 900w, https:\/\/cineprod.pro\/wp-content\/uploads\/2021\/08\/sylvain-speaker-paris-300x200.jpg 300w, https:\/\/cineprod.pro\/wp-content\/uploads\/2021\/08\/sylvain-speaker-paris-768x512.jpg 768w, https:\/\/cineprod.pro\/wp-content\/uploads\/2021\/08\/sylvain-speaker-paris-825x550.jpg 825w, https:\/\/cineprod.pro\/wp-content\/uploads\/2021\/08\/sylvain-speaker-paris-600x400.jpg 600w, https:\/\/cineprod.pro\/wp-content\/uploads\/2021\/08\/sylvain-speaker-paris-400x267.jpg 400w\" sizes=\"(max-width: 900px) 100vw, 900px\" \/><\/figure>\n\n\n\n<figure class=\"wp-block-image size-full\"><img loading=\"lazy\" width=\"900\" height=\"473\" src=\"https:\/\/cineprod.pro\/wp-content\/uploads\/2021\/08\/animateur-soiree-boxe-paris.jpg\" alt=\"\" class=\"wp-image-7878\" srcset=\"https:\/\/cineprod.pro\/wp-content\/uploads\/2021\/08\/animateur-soiree-boxe-paris.jpg 900w, https:\/\/cineprod.pro\/wp-content\/uploads\/2021\/08\/animateur-soiree-boxe-paris-300x158.jpg 300w, https:\/\/cineprod.pro\/wp-content\/uploads\/2021\/08\/animateur-soiree-boxe-paris-768x404.jpg 768w, https:\/\/cineprod.pro\/wp-content\/uploads\/2021\/08\/animateur-soiree-boxe-paris-825x434.jpg 825w, https:\/\/cineprod.pro\/wp-content\/uploads\/2021\/08\/animateur-soiree-boxe-paris-600x315.jpg 600w, https:\/\/cineprod.pro\/wp-content\/uploads\/2021\/08\/animateur-soiree-boxe-paris-400x210.jpg 400w\" sizes=\"(max-width: 900px) 100vw, 900px\" \/><\/figure>\n\n\n\n<figure class=\"wp-block-image size-full\"><img loading=\"lazy\" width=\"900\" height=\"600\" src=\"https:\/\/cineprod.pro\/wp-content\/uploads\/2021\/08\/boxeur-professionnel-paris.jpg\" alt=\"\" class=\"wp-image-7880\" srcset=\"https:\/\/cineprod.pro\/wp-content\/uploads\/2021\/08\/boxeur-professionnel-paris.jpg 900w, https:\/\/cineprod.pro\/wp-content\/uploads\/2021\/08\/boxeur-professionnel-paris-300x200.jpg 300w, https:\/\/cineprod.pro\/wp-content\/uploads\/2021\/08\/boxeur-professionnel-paris-768x512.jpg 768w, https:\/\/cineprod.pro\/wp-content\/uploads\/2021\/08\/boxeur-professionnel-paris-825x550.jpg 825w, https:\/\/cineprod.pro\/wp-content\/uploads\/2021\/08\/boxeur-professionnel-paris-600x400.jpg 600w, https:\/\/cineprod.pro\/wp-content\/uploads\/2021\/08\/boxeur-professionnel-paris-400x267.jpg 400w\" sizes=\"(max-width: 900px) 100vw, 900px\" \/><\/figure>\n\n\n\n<figure class=\"wp-block-image size-full\"><img loading=\"lazy\" width=\"900\" height=\"600\" src=\"https:\/\/cineprod.pro\/wp-content\/uploads\/2021\/08\/cascadeur-ring-boxe.jpg\" alt=\"\" class=\"wp-image-7883\" srcset=\"https:\/\/cineprod.pro\/wp-content\/uploads\/2021\/08\/cascadeur-ring-boxe.jpg 900w, https:\/\/cineprod.pro\/wp-content\/uploads\/2021\/08\/cascadeur-ring-boxe-300x200.jpg 300w, https:\/\/cineprod.pro\/wp-content\/uploads\/2021\/08\/cascadeur-ring-boxe-768x512.jpg 768w, https:\/\/cineprod.pro\/wp-content\/uploads\/2021\/08\/cascadeur-ring-boxe-825x550.jpg 825w, https:\/\/cineprod.pro\/wp-content\/uploads\/2021\/08\/cascadeur-ring-boxe-600x400.jpg 600w, https:\/\/cineprod.pro\/wp-content\/uploads\/2021\/08\/cascadeur-ring-boxe-400x267.jpg 400w\" sizes=\"(max-width: 900px) 100vw, 900px\" \/><\/figure>\n\n\n\n<figure class=\"wp-block-image size-full\"><img loading=\"lazy\" width=\"600\" height=\"885\" src=\"https:\/\/cineprod.pro\/wp-content\/uploads\/2021\/08\/defile-mode-ring-de-boxe.jpg\" alt=\"\" class=\"wp-image-7885\" srcset=\"https:\/\/cineprod.pro\/wp-content\/uploads\/2021\/08\/defile-mode-ring-de-boxe.jpg 600w, https:\/\/cineprod.pro\/wp-content\/uploads\/2021\/08\/defile-mode-ring-de-boxe-203x300.jpg 203w, https:\/\/cineprod.pro\/wp-content\/uploads\/2021\/08\/defile-mode-ring-de-boxe-420x620.jpg 420w, https:\/\/cineprod.pro\/wp-content\/uploads\/2021\/08\/defile-mode-ring-de-boxe-441x650.jpg 441w, https:\/\/cineprod.pro\/wp-content\/uploads\/2021\/08\/defile-mode-ring-de-boxe-305x450.jpg 305w\" sizes=\"(max-width: 600px) 100vw, 600px\" \/><\/figure>\n\n\n\n<figure class=\"wp-block-image size-full\"><img loading=\"lazy\" width=\"900\" height=\"506\" src=\"https:\/\/cineprod.pro\/wp-content\/uploads\/2021\/08\/sylvain-morellec-speaker-paris.jpg\" alt=\"\" class=\"wp-image-7887\" srcset=\"https:\/\/cineprod.pro\/wp-content\/uploads\/2021\/08\/sylvain-morellec-speaker-paris.jpg 900w, https:\/\/cineprod.pro\/wp-content\/uploads\/2021\/08\/sylvain-morellec-speaker-paris-300x169.jpg 300w, https:\/\/cineprod.pro\/wp-content\/uploads\/2021\/08\/sylvain-morellec-speaker-paris-768x432.jpg 768w, https:\/\/cineprod.pro\/wp-content\/uploads\/2021\/08\/sylvain-morellec-speaker-paris-825x464.jpg 825w, https:\/\/cineprod.pro\/wp-content\/uploads\/2021\/08\/sylvain-morellec-speaker-paris-600x337.jpg 600w, https:\/\/cineprod.pro\/wp-content\/uploads\/2021\/08\/sylvain-morellec-speaker-paris-400x225.jpg 400w\" sizes=\"(max-width: 900px) 100vw, 900px\" \/><\/figure>\n\n\n\n<figure class=\"wp-block-image size-full\"><img loading=\"lazy\" width=\"1012\" height=\"619\" src=\"https:\/\/cineprod.pro\/wp-content\/uploads\/2021\/08\/sylvain-morellec-arbitre-ring-de-boxe.jpg\" alt=\"\" class=\"wp-image-7889\" srcset=\"https:\/\/cineprod.pro\/wp-content\/uploads\/2021\/08\/sylvain-morellec-arbitre-ring-de-boxe.jpg 1012w, https:\/\/cineprod.pro\/wp-content\/uploads\/2021\/08\/sylvain-morellec-arbitre-ring-de-boxe-300x183.jpg 300w, https:\/\/cineprod.pro\/wp-content\/uploads\/2021\/08\/sylvain-morellec-arbitre-ring-de-boxe-768x470.jpg 768w, https:\/\/cineprod.pro\/wp-content\/uploads\/2021\/08\/sylvain-morellec-arbitre-ring-de-boxe-825x505.jpg 825w, https:\/\/cineprod.pro\/wp-content\/uploads\/2021\/08\/sylvain-morellec-arbitre-ring-de-boxe-600x367.jpg 600w, https:\/\/cineprod.pro\/wp-content\/uploads\/2021\/08\/sylvain-morellec-arbitre-ring-de-boxe-400x245.jpg 400w\" sizes=\"(max-width: 1012px) 100vw, 1012px\" \/><\/figure>\n\n\n\n<figure class=\"wp-block-image size-full\"><img loading=\"lazy\" width=\"900\" height=\"506\" src=\"https:\/\/cineprod.pro\/wp-content\/uploads\/2021\/08\/spectacle-de-catch.jpg\" alt=\"\" class=\"wp-image-7863\" srcset=\"https:\/\/cineprod.pro\/wp-content\/uploads\/2021\/08\/spectacle-de-catch.jpg 900w, https:\/\/cineprod.pro\/wp-content\/uploads\/2021\/08\/spectacle-de-catch-300x169.jpg 300w, https:\/\/cineprod.pro\/wp-content\/uploads\/2021\/08\/spectacle-de-catch-768x432.jpg 768w, https:\/\/cineprod.pro\/wp-content\/uploads\/2021\/08\/spectacle-de-catch-825x464.jpg 825w, https:\/\/cineprod.pro\/wp-content\/uploads\/2021\/08\/spectacle-de-catch-600x337.jpg 600w, https:\/\/cineprod.pro\/wp-content\/uploads\/2021\/08\/spectacle-de-catch-400x225.jpg 400w\" sizes=\"(max-width: 900px) 100vw, 900px\" \/><\/figure>\n\n\n\n<figure class=\"wp-block-image size-full\"><img loading=\"lazy\" width=\"900\" height=\"506\" src=\"https:\/\/cineprod.pro\/wp-content\/uploads\/2021\/08\/catcheur-professionnel-paris.jpg\" alt=\"\" class=\"wp-image-7868\" srcset=\"https:\/\/cineprod.pro\/wp-content\/uploads\/2021\/08\/catcheur-professionnel-paris.jpg 900w, https:\/\/cineprod.pro\/wp-content\/uploads\/2021\/08\/catcheur-professionnel-paris-300x169.jpg 300w, https:\/\/cineprod.pro\/wp-content\/uploads\/2021\/08\/catcheur-professionnel-paris-768x432.jpg 768w, https:\/\/cineprod.pro\/wp-content\/uploads\/2021\/08\/catcheur-professionnel-paris-825x464.jpg 825w, https:\/\/cineprod.pro\/wp-content\/uploads\/2021\/08\/catcheur-professionnel-paris-600x337.jpg 600w, https:\/\/cineprod.pro\/wp-content\/uploads\/2021\/08\/catcheur-professionnel-paris-400x225.jpg 400w\" sizes=\"(max-width: 900px) 100vw, 900px\" \/><\/figure>\n\n\n\n<p>Tous pro et pr\u00eats \u00e0 passer \u00e0 l&rsquo;action pour r\u00e9aliser un happening sur un plateau de tournage, animer une soir\u00e9e inaugurale d&rsquo;un grand h\u00f4tel Parisien (voir ci-dessous), proposer un show spectaculaire pour une soir\u00e9e \u00ab\u00a0entreprise\u00a0\u00bb ou \u00ab\u00a0CE\u00a0\u00bb.<\/p>\n\n\n\n<p><a href=\"https:\/\/cineprod.pro\/?p=11445\" data-type=\"URL\" data-id=\"https:\/\/cineprod.pro\/?p=11445\">SOIREE INAUGURATION BRACH HOTEL PARIS<\/a><\/p>\n\n\n\n<p>RETROUVEZ NOS CERTAINS DE NOS CATCHEUSES? BOXEURS, CATCHEURS, ARBITRE, SPEAKER-MAITRE-DE-CEREMONIE en cliquant ici: <a href=\"https:\/\/cineprod.pro\/?p=9219\">https:\/\/cineprod.pro\/?p=9219<\/a><\/p>\n","protected":false},"excerpt":{"rendered":"<p>CONTACT: SYLVAIN au 07 61 45 80 80 ou haglerprod@gmail.com Notre \u00e9quipe comprend des mod\u00e8les, com\u00e9diennes et com\u00e9diens, boxeuses et boxeurs, catcheuses et catcheurs, ring-girls, complices, arbitre, maitre-de-c\u00e9r\u00e9monie&#8230; Tous pro&hellip;<a href=\"https:\/\/cineprod.pro\/?page_id=11433\" class=\"more-link\"><span class=\"more-button\">Continue reading<span class=\"screen-reader-text\">ARTISTES<\/span><\/span><\/a><\/p>\n","protected":false},"author":1,"featured_media":0,"parent":0,"menu_order":0,"comment_status":"closed","ping_status":"closed","template":"","meta":[],"_links":{"self":[{"href":"https:\/\/cineprod.pro\/index.php?rest_route=\/wp\/v2\/pages\/11433"}],"collection":[{"href":"https:\/\/cineprod.pro\/index.php?rest_route=\/wp\/v2\/pages"}],"about":[{"href":"https:\/\/cineprod.pro\/index.php?rest_route=\/wp\/v2\/types\/page"}],"author":[{"embeddable":true,"href":"https:\/\/cineprod.pro\/index.php?rest_route=\/wp\/v2\/users\/1"}],"replies":[{"embeddable":true,"href":"https:\/\/cineprod.pro\/index.php?rest_route=%2Fwp%2Fv2%2Fcomments&post=11433"}],"version-history":[{"count":10,"href":"https:\/\/cineprod.pro\/index.php?rest_route=\/wp\/v2\/pages\/11433\/revisions"}],"predecessor-version":[{"id":11632,"href":"https:\/\/cineprod.pro\/index.php?rest_route=\/wp\/v2\/pages\/11433\/revisions\/11632"}],"wp:attachment":[{"href":"https:\/\/cineprod.pro\/index.php?rest_route=%2Fwp%2Fv2%2Fmedia&parent=11433"}],"curies":[{"name":"wp","href":"https:\/\/api.w.org\/{rel}","templated":true}]}}